{"id":17,"date":"2025-03-13T19:46:02","date_gmt":"2025-03-13T19:46:02","guid":{"rendered":"https:\/\/Nadira.Kadusic.pages.hak-schwaz.at\/?page_id=17"},"modified":"2025-03-13T22:23:02","modified_gmt":"2025-03-13T22:23:02","slug":"minf","status":"publish","type":"page","link":"https:\/\/Nadira.Kadusic.pages.hak-schwaz.at\/?page_id=17","title":{"rendered":"MINF"},"content":{"rendered":"\n<p>Die verschiedenen Projekte haben mir viele M\u00f6glichkeiten gegeben, meine Ideen umzusetzen und Neues zu lernen. Ich konnte meine Kenntnisse in der Fotobearbeitung, im Videoschnitt und in der Gestaltung von Drucksorten, wie Flyer und Brosch\u00fcren verbessern. <\/p>\n\n\n\n<p>Jede Aufgabe hat mir die Chance geboten kreativ zu arbeiten und gleichzeitig neue Techniken zu \u00fcben. Das Fach hat mir geholfen, wichtige technische F\u00e4higkeiten zu erlernen und meine Freude an der kreativen Gestaltung noch weiter zu st\u00e4rken.<\/p>\n","protected":false},"excerpt":{"rendered":"<p>Die verschiedenen Projekte haben mir viele M\u00f6glichkeiten gegeben, meine Ideen umzusetzen und Neues zu lernen. Ich konnte meine Kenntnisse in der Fotobearbeitung, im Videoschnitt und in der Gestaltung &hellip;<\/p>\n","protected":false},"author":1,"featured_media":0,"parent":0,"menu_order":0,"comment_status":"closed","ping_status":"closed","template":"","meta":{"footnotes":""},"class_list":["post-17","page","type-page","status-publish","hentry"],"_links":{"self":[{"href":"https:\/\/Nadira.Kadusic.pages.hak-schwaz.at\/index.php?rest_route=\/wp\/v2\/pages\/17","targetHints":{"allow":["GET"]}}],"collection":[{"href":"https:\/\/Nadira.Kadusic.pages.hak-schwaz.at\/index.php?rest_route=\/wp\/v2\/pages"}],"about":[{"href":"https:\/\/Nadira.Kadusic.pages.hak-schwaz.at\/index.php?rest_route=\/wp\/v2\/types\/page"}],"author":[{"embeddable":true,"href":"https:\/\/Nadira.Kadusic.pages.hak-schwaz.at\/index.php?rest_route=\/wp\/v2\/users\/1"}],"replies":[{"embeddable":true,"href":"https:\/\/Nadira.Kadusic.pages.hak-schwaz.at\/index.php?rest_route=%2Fwp%2Fv2%2Fcomments&post=17"}],"version-history":[{"count":4,"href":"https:\/\/Nadira.Kadusic.pages.hak-schwaz.at\/index.php?rest_route=\/wp\/v2\/pages\/17\/revisions"}],"predecessor-version":[{"id":166,"href":"https:\/\/Nadira.Kadusic.pages.hak-schwaz.at\/index.php?rest_route=\/wp\/v2\/pages\/17\/revisions\/166"}],"wp:attachment":[{"href":"https:\/\/Nadira.Kadusic.pages.hak-schwaz.at\/index.php?rest_route=%2Fwp%2Fv2%2Fmedia&parent=17"}],"curies":[{"name":"wp","href":"https:\/\/api.w.org\/{rel}","templated":true}]}}