{"id":21,"date":"2025-03-13T19:46:23","date_gmt":"2025-03-13T19:46:23","guid":{"rendered":"https:\/\/Nadira.Kadusic.pages.hak-schwaz.at\/?page_id=21"},"modified":"2025-04-16T11:03:57","modified_gmt":"2025-04-16T11:03:57","slug":"koea","status":"publish","type":"page","link":"https:\/\/Nadira.Kadusic.pages.hak-schwaz.at\/?page_id=21","title":{"rendered":"KOEA"},"content":{"rendered":"\n<p>In diesem Fach ging es darum, wie Unternehmen, Organisationen oder auch einzelne Personen ihre Botschaften richtig und wirkungsvoll vermitteln k\u00f6nnen. Wir lernten, wie man mit der \u00d6ffentlichkeit, den Medien oder auch Kunden professionell kommuniziert, um ein positives Bild zu erzeugen. Ein wichtiger Teil ist dabei die Pressearbeit, zum Beispiel das Schreiben von Pressemitteilungen. Aber auch Social Media, Werbung und Veranstaltungen spielen eine gro\u00dfe Rolle. Ebenso lernten wir, wie man gezielt Aufmerksamkeit erzeugt, damit eine Idee, ein Produkt oder ein Unternehmen erfolgreich wahrgenommen wird.<\/p>\n\n\n\n<p>Themen wie Storytelling (wie man eine gute Geschichte erz\u00e4hlt), Corporate Identity (wie ein Unternehmen nach au\u00dfen einheitlich wirkt), Krisenkommunikation (wie man in schwierigen Situationen richtig reagiert) und digitale Medienkan\u00e4le waren ebenfalls Teil des Unterrichts. Ziel des Faches ist es, zu verstehen, wie Kommunikation funktioniert, wie man Vertrauen aufbaut und wie man eine Marke oder eine Botschaft \u00fcberzeugend vermittelt \u2013 sei es nach innen (z.\u202fB. an Mitarbeiter) oder nach au\u00dfen (z.\u202fB. an Kunden, Medien oder die breite \u00d6ffentlichkeit).<\/p>\n","protected":false},"excerpt":{"rendered":"<p>In diesem Fach ging es darum, wie Unternehmen, Organisationen oder auch einzelne Personen ihre Botschaften richtig und wirkungsvoll vermitteln k\u00f6nnen. Wir lernten, wie man mit der \u00d6ffentlichkeit, den &hellip;<\/p>\n","protected":false},"author":1,"featured_media":0,"parent":0,"menu_order":0,"comment_status":"closed","ping_status":"closed","template":"","meta":{"footnotes":""},"class_list":["post-21","page","type-page","status-publish","hentry"],"_links":{"self":[{"href":"https:\/\/Nadira.Kadusic.pages.hak-schwaz.at\/index.php?rest_route=\/wp\/v2\/pages\/21","targetHints":{"allow":["GET"]}}],"collection":[{"href":"https:\/\/Nadira.Kadusic.pages.hak-schwaz.at\/index.php?rest_route=\/wp\/v2\/pages"}],"about":[{"href":"https:\/\/Nadira.Kadusic.pages.hak-schwaz.at\/index.php?rest_route=\/wp\/v2\/types\/page"}],"author":[{"embeddable":true,"href":"https:\/\/Nadira.Kadusic.pages.hak-schwaz.at\/index.php?rest_route=\/wp\/v2\/users\/1"}],"replies":[{"embeddable":true,"href":"https:\/\/Nadira.Kadusic.pages.hak-schwaz.at\/index.php?rest_route=%2Fwp%2Fv2%2Fcomments&post=21"}],"version-history":[{"count":3,"href":"https:\/\/Nadira.Kadusic.pages.hak-schwaz.at\/index.php?rest_route=\/wp\/v2\/pages\/21\/revisions"}],"predecessor-version":[{"id":375,"href":"https:\/\/Nadira.Kadusic.pages.hak-schwaz.at\/index.php?rest_route=\/wp\/v2\/pages\/21\/revisions\/375"}],"wp:attachment":[{"href":"https:\/\/Nadira.Kadusic.pages.hak-schwaz.at\/index.php?rest_route=%2Fwp%2Fv2%2Fmedia&parent=21"}],"curies":[{"name":"wp","href":"https:\/\/api.w.org\/{rel}","templated":true}]}}