{"id":23,"date":"2025-03-13T19:47:43","date_gmt":"2025-03-13T19:47:43","guid":{"rendered":"https:\/\/Nadira.Kadusic.pages.hak-schwaz.at\/?page_id=23"},"modified":"2025-04-16T10:49:05","modified_gmt":"2025-04-16T10:49:05","slug":"2-klasse","status":"publish","type":"page","link":"https:\/\/Nadira.Kadusic.pages.hak-schwaz.at\/?page_id=23","title":{"rendered":"2. Klasse"},"content":{"rendered":"\n<h2 class=\"wp-block-heading has-text-align-center\"><em><mark style=\"background-color:rgba(0, 0, 0, 0)\" class=\"has-inline-color has-accent-2-color\">Website-Programmierung<\/mark><\/em><\/h2>\n\n\n\n<p>In der zweiten Klasse haben wir das neue Fach IMSK (Information, Medien, Software und Kommunikation) kennengelernt. In diesem Fach ging es vor allem um die Programmierung und Gestaltung von Websites. Wir haben uns mit den Grundlagen von HTML und CSS besch\u00e4ftigt, um zu verstehen, wie Webseiten aufgebaut sind und wie man ihr Design beeinflussen kann.<\/p>\n\n\n\n<p>Zuerst haben wir gelernt, wie man mit HTML eine einfache Website erstellt. HTML ist die Sprache, die f\u00fcr die Struktur einer Webseite verantwortlich ist. Wir haben verschiedene Elemente kennengelernt, wie zum Beispiel:<\/p>\n\n\n\n<ul class=\"wp-block-list\">\n<li>\u00dcberschriften und Abs\u00e4tze, um Texte sinnvoll zu gliedern,<\/li>\n\n\n\n<li>Tabellen, um Inhalte \u00fcbersichtlich darzustellen,<\/li>\n\n\n\n<li>Links, um verschiedene Seiten miteinander zu verbinden,<\/li>\n\n\n\n<li>Bilder, um die Webseite interessanter und sch\u00f6ner zu gestalten.<\/li>\n<\/ul>\n\n\n\n<figure class=\"wp-block-gallery has-nested-images columns-default is-cropped wp-block-gallery-1 is-layout-flex wp-block-gallery-is-layout-flex\">\n<figure class=\"wp-block-image size-large\"><img loading=\"lazy\" decoding=\"async\" width=\"1024\" height=\"668\" data-id=\"207\" src=\"https:\/\/Nadira.Kadusic.pages.hak-schwaz.at\/wp-content\/uploads\/2025\/03\/Screenshot-9-1024x668.png\" alt=\"\" class=\"wp-image-207\" srcset=\"https:\/\/Nadira.Kadusic.pages.hak-schwaz.at\/wp-content\/uploads\/2025\/03\/Screenshot-9-1024x668.png 1024w, https:\/\/Nadira.Kadusic.pages.hak-schwaz.at\/wp-content\/uploads\/2025\/03\/Screenshot-9-300x196.png 300w, https:\/\/Nadira.Kadusic.pages.hak-schwaz.at\/wp-content\/uploads\/2025\/03\/Screenshot-9-768x501.png 768w, https:\/\/Nadira.Kadusic.pages.hak-schwaz.at\/wp-content\/uploads\/2025\/03\/Screenshot-9-421x275.png 421w, https:\/\/Nadira.Kadusic.pages.hak-schwaz.at\/wp-content\/uploads\/2025\/03\/Screenshot-9.png 1236w\" sizes=\"auto, (max-width: 1024px) 100vw, 1024px\" \/><\/figure>\n\n\n\n<figure class=\"wp-block-image size-large\"><img loading=\"lazy\" decoding=\"async\" width=\"1024\" height=\"603\" data-id=\"208\" src=\"https:\/\/Nadira.Kadusic.pages.hak-schwaz.at\/wp-content\/uploads\/2025\/03\/Screenshot-23-1-1024x603.png\" alt=\"\" class=\"wp-image-208\" srcset=\"https:\/\/Nadira.Kadusic.pages.hak-schwaz.at\/wp-content\/uploads\/2025\/03\/Screenshot-23-1-1024x603.png 1024w, https:\/\/Nadira.Kadusic.pages.hak-schwaz.at\/wp-content\/uploads\/2025\/03\/Screenshot-23-1-300x177.png 300w, https:\/\/Nadira.Kadusic.pages.hak-schwaz.at\/wp-content\/uploads\/2025\/03\/Screenshot-23-1-768x452.png 768w, https:\/\/Nadira.Kadusic.pages.hak-schwaz.at\/wp-content\/uploads\/2025\/03\/Screenshot-23-1-421x248.png 421w, https:\/\/Nadira.Kadusic.pages.hak-schwaz.at\/wp-content\/uploads\/2025\/03\/Screenshot-23-1.png 1386w\" sizes=\"auto, (max-width: 1024px) 100vw, 1024px\" \/><\/figure>\n<\/figure>\n\n\n\n<hr class=\"wp-block-separator has-alpha-channel-opacity\"\/>\n\n\n\n<p>Danach haben wir uns mit CSS besch\u00e4ftigt. CSS ist die Sprache, mit der man das Design und Layout einer Webseite anpassen kann. Mit CSS haben wir gelernt:<\/p>\n\n\n\n<ul class=\"wp-block-list\">\n<li>Schriftarten, Schriftgr\u00f6\u00dfen und Farben zu ver\u00e4ndern,<\/li>\n\n\n\n<li>Hintergrundbilder und -farben zu setzen,<\/li>\n\n\n\n<li>Abst\u00e4nde und Rahmen, um die Inhalte besser zu strukturieren,<\/li>\n\n\n\n<li>Die H\u00f6he und Breite von Bildern anzupassen, damit sie auf verschiedenen Ger\u00e4ten gut aussehen.<\/li>\n<\/ul>\n\n\n\n<p>W\u00e4hrend des Unterrichts haben wir Schritt f\u00fcr Schritt eine eigene Website programmiert. Dabei haben wir nicht nur gelernt, wie man eine Webseite erstellt, sondern auch, wie wichtig eine sch\u00f6ne und professionelle Gestaltung ist. Au\u00dferdem haben wir darauf geachtet, dass unsere Seiten \u00fcbersichtlich und verst\u00e4ndlich sind.<\/p>\n\n\n\n<p>Durch die Kombination von HTML und CSS konnten wir das Layout und das Design unserer Website genau nach unseren Vorstellungen umsetzen. Dieses Projekt hat uns einen Einblick in die Welt der Webentwicklung gegeben und gezeigt, wie Webseiten eigentlich aufgebaut werden.<\/p>\n\n\n\n<figure class=\"wp-block-gallery has-nested-images columns-default is-cropped wp-block-gallery-2 is-layout-flex wp-block-gallery-is-layout-flex\">\n<figure class=\"wp-block-image size-large\"><img loading=\"lazy\" decoding=\"async\" width=\"1024\" height=\"577\" data-id=\"211\" src=\"https:\/\/Nadira.Kadusic.pages.hak-schwaz.at\/wp-content\/uploads\/2025\/03\/Screenshot-12-1-1024x577.png\" alt=\"\" class=\"wp-image-211\" srcset=\"https:\/\/Nadira.Kadusic.pages.hak-schwaz.at\/wp-content\/uploads\/2025\/03\/Screenshot-12-1-1024x577.png 1024w, https:\/\/Nadira.Kadusic.pages.hak-schwaz.at\/wp-content\/uploads\/2025\/03\/Screenshot-12-1-300x169.png 300w, https:\/\/Nadira.Kadusic.pages.hak-schwaz.at\/wp-content\/uploads\/2025\/03\/Screenshot-12-1-768x433.png 768w, https:\/\/Nadira.Kadusic.pages.hak-schwaz.at\/wp-content\/uploads\/2025\/03\/Screenshot-12-1-421x237.png 421w, https:\/\/Nadira.Kadusic.pages.hak-schwaz.at\/wp-content\/uploads\/2025\/03\/Screenshot-12-1.png 1395w\" sizes=\"auto, (max-width: 1024px) 100vw, 1024px\" \/><\/figure>\n\n\n\n<figure class=\"wp-block-image size-large\"><img loading=\"lazy\" decoding=\"async\" width=\"1024\" height=\"542\" data-id=\"212\" src=\"https:\/\/Nadira.Kadusic.pages.hak-schwaz.at\/wp-content\/uploads\/2025\/03\/Screenshot-13-1-1024x542.png\" alt=\"\" class=\"wp-image-212\" srcset=\"https:\/\/Nadira.Kadusic.pages.hak-schwaz.at\/wp-content\/uploads\/2025\/03\/Screenshot-13-1-1024x542.png 1024w, https:\/\/Nadira.Kadusic.pages.hak-schwaz.at\/wp-content\/uploads\/2025\/03\/Screenshot-13-1-300x159.png 300w, https:\/\/Nadira.Kadusic.pages.hak-schwaz.at\/wp-content\/uploads\/2025\/03\/Screenshot-13-1-768x407.png 768w, https:\/\/Nadira.Kadusic.pages.hak-schwaz.at\/wp-content\/uploads\/2025\/03\/Screenshot-13-1-1536x814.png 1536w, https:\/\/Nadira.Kadusic.pages.hak-schwaz.at\/wp-content\/uploads\/2025\/03\/Screenshot-13-1-421x223.png 421w, https:\/\/Nadira.Kadusic.pages.hak-schwaz.at\/wp-content\/uploads\/2025\/03\/Screenshot-13-1.png 1920w\" sizes=\"auto, (max-width: 1024px) 100vw, 1024px\" \/><\/figure>\n<\/figure>\n\n\n\n<figure class=\"wp-block-gallery has-nested-images columns-default is-cropped wp-block-gallery-3 is-layout-flex wp-block-gallery-is-layout-flex\"><div class=\"wp-block-image\">\n<figure class=\"alignleft size-large\"><img loading=\"lazy\" decoding=\"async\" width=\"309\" height=\"209\" data-id=\"280\" src=\"https:\/\/Nadira.Kadusic.pages.hak-schwaz.at\/wp-content\/uploads\/2025\/04\/Bild-2-1.jpg\" alt=\"\" class=\"wp-image-280\" srcset=\"https:\/\/Nadira.Kadusic.pages.hak-schwaz.at\/wp-content\/uploads\/2025\/04\/Bild-2-1.jpg 309w, https:\/\/Nadira.Kadusic.pages.hak-schwaz.at\/wp-content\/uploads\/2025\/04\/Bild-2-1-300x203.jpg 300w\" sizes=\"auto, (max-width: 309px) 100vw, 309px\" \/><\/figure><\/div><\/figure>\n\n\n\n<p><\/p>\n","protected":false},"excerpt":{"rendered":"<p>Website-Programmierung In der zweiten Klasse haben wir das neue Fach IMSK (Information, Medien, Software und Kommunikation) kennengelernt. In diesem Fach ging es vor allem um die Programmierung und &hellip;<\/p>\n","protected":false},"author":1,"featured_media":0,"parent":15,"menu_order":0,"comment_status":"closed","ping_status":"closed","template":"","meta":{"footnotes":""},"class_list":["post-23","page","type-page","status-publish","hentry"],"_links":{"self":[{"href":"https:\/\/Nadira.Kadusic.pages.hak-schwaz.at\/index.php?rest_route=\/wp\/v2\/pages\/23","targetHints":{"allow":["GET"]}}],"collection":[{"href":"https:\/\/Nadira.Kadusic.pages.hak-schwaz.at\/index.php?rest_route=\/wp\/v2\/pages"}],"about":[{"href":"https:\/\/Nadira.Kadusic.pages.hak-schwaz.at\/index.php?rest_route=\/wp\/v2\/types\/page"}],"author":[{"embeddable":true,"href":"https:\/\/Nadira.Kadusic.pages.hak-schwaz.at\/index.php?rest_route=\/wp\/v2\/users\/1"}],"replies":[{"embeddable":true,"href":"https:\/\/Nadira.Kadusic.pages.hak-schwaz.at\/index.php?rest_route=%2Fwp%2Fv2%2Fcomments&post=23"}],"version-history":[{"count":10,"href":"https:\/\/Nadira.Kadusic.pages.hak-schwaz.at\/index.php?rest_route=\/wp\/v2\/pages\/23\/revisions"}],"predecessor-version":[{"id":281,"href":"https:\/\/Nadira.Kadusic.pages.hak-schwaz.at\/index.php?rest_route=\/wp\/v2\/pages\/23\/revisions\/281"}],"up":[{"embeddable":true,"href":"https:\/\/Nadira.Kadusic.pages.hak-schwaz.at\/index.php?rest_route=\/wp\/v2\/pages\/15"}],"wp:attachment":[{"href":"https:\/\/Nadira.Kadusic.pages.hak-schwaz.at\/index.php?rest_route=%2Fwp%2Fv2%2Fmedia&parent=23"}],"curies":[{"name":"wp","href":"https:\/\/api.w.org\/{rel}","templated":true}]}}