{"id":25,"date":"2025-03-13T19:47:55","date_gmt":"2025-03-13T19:47:55","guid":{"rendered":"https:\/\/Nadira.Kadusic.pages.hak-schwaz.at\/?page_id=25"},"modified":"2025-04-15T13:08:51","modified_gmt":"2025-04-15T13:08:51","slug":"3-klasse","status":"publish","type":"page","link":"https:\/\/Nadira.Kadusic.pages.hak-schwaz.at\/?page_id=25","title":{"rendered":"3. Klasse"},"content":{"rendered":"\n<h2 class=\"wp-block-heading has-text-align-center\"><em><mark style=\"background-color:rgba(0, 0, 0, 0)\" class=\"has-inline-color has-accent-2-color\">Vertiefung der Webentwicklung<\/mark><\/em><\/h2>\n\n\n\n<p>In der dritten Klasse haben wir unser Wissen in der Webentwicklung weiter vertieft und neue Techniken und Tools kennengelernt. Dabei haben wir gelernt, wie wir Webseiten interaktiver gestalten und an unterschiedliche Ger\u00e4te anpassen k\u00f6nnen.<\/p>\n\n\n\n<p>Ein wichtiges Thema war jQuery mit dem wir bestimmte Inhalte auf der Website ein- und ausblenden konnten. Besonders spannend waren Mouseover-Effekte, bei denen sich Elemente ver\u00e4ndern, wenn die Maus dar\u00fcberf\u00e4hrt. Um diese Funktionen umzusetzen, haben wir intensiv mit div-Einheiten gearbeitet, um die Struktur der Seite zu gestalten. Um unsere Projekte online zu ver\u00f6ffentlichen, haben wir die Plattform bplaced genutzt. Dort konnten wir unsere Webseiten hochladen und testen, wie sie im Internet aussehen und funktionieren.<\/p>\n\n\n\n<figure class=\"wp-block-gallery has-nested-images columns-default is-cropped wp-block-gallery-1 is-layout-flex wp-block-gallery-is-layout-flex\">\n<figure class=\"wp-block-image size-full\"><img loading=\"lazy\" decoding=\"async\" width=\"920\" height=\"767\" data-id=\"224\" src=\"https:\/\/Nadira.Kadusic.pages.hak-schwaz.at\/wp-content\/uploads\/2025\/03\/Screenshot-2025-03-19-012930.png\" alt=\"\" class=\"wp-image-224\" srcset=\"https:\/\/Nadira.Kadusic.pages.hak-schwaz.at\/wp-content\/uploads\/2025\/03\/Screenshot-2025-03-19-012930.png 920w, https:\/\/Nadira.Kadusic.pages.hak-schwaz.at\/wp-content\/uploads\/2025\/03\/Screenshot-2025-03-19-012930-300x250.png 300w, https:\/\/Nadira.Kadusic.pages.hak-schwaz.at\/wp-content\/uploads\/2025\/03\/Screenshot-2025-03-19-012930-768x640.png 768w, https:\/\/Nadira.Kadusic.pages.hak-schwaz.at\/wp-content\/uploads\/2025\/03\/Screenshot-2025-03-19-012930-360x300.png 360w\" sizes=\"auto, (max-width: 920px) 100vw, 920px\" \/><\/figure>\n\n\n\n<figure class=\"wp-block-image size-large\"><img loading=\"lazy\" decoding=\"async\" width=\"935\" height=\"695\" data-id=\"219\" src=\"https:\/\/Nadira.Kadusic.pages.hak-schwaz.at\/wp-content\/uploads\/2025\/03\/Screenshot-2025-03-19-011400.png\" alt=\"\" class=\"wp-image-219\" srcset=\"https:\/\/Nadira.Kadusic.pages.hak-schwaz.at\/wp-content\/uploads\/2025\/03\/Screenshot-2025-03-19-011400.png 935w, https:\/\/Nadira.Kadusic.pages.hak-schwaz.at\/wp-content\/uploads\/2025\/03\/Screenshot-2025-03-19-011400-300x223.png 300w, https:\/\/Nadira.Kadusic.pages.hak-schwaz.at\/wp-content\/uploads\/2025\/03\/Screenshot-2025-03-19-011400-768x571.png 768w, https:\/\/Nadira.Kadusic.pages.hak-schwaz.at\/wp-content\/uploads\/2025\/03\/Screenshot-2025-03-19-011400-404x300.png 404w\" sizes=\"auto, (max-width: 935px) 100vw, 935px\" \/><\/figure>\n<\/figure>\n\n\n\n<figure class=\"wp-block-image size-full\"><img loading=\"lazy\" decoding=\"async\" width=\"1024\" height=\"162\" src=\"https:\/\/Nadira.Kadusic.pages.hak-schwaz.at\/wp-content\/uploads\/2025\/03\/image-2.png\" alt=\"This image has an empty alt attribute; its file name is Screenshot-2025-03-19-011149-1024x162.png\" class=\"wp-image-221\" srcset=\"https:\/\/Nadira.Kadusic.pages.hak-schwaz.at\/wp-content\/uploads\/2025\/03\/image-2.png 1024w, https:\/\/Nadira.Kadusic.pages.hak-schwaz.at\/wp-content\/uploads\/2025\/03\/image-2-300x47.png 300w, https:\/\/Nadira.Kadusic.pages.hak-schwaz.at\/wp-content\/uploads\/2025\/03\/image-2-768x122.png 768w, https:\/\/Nadira.Kadusic.pages.hak-schwaz.at\/wp-content\/uploads\/2025\/03\/image-2-421x67.png 421w\" sizes=\"auto, (max-width: 1024px) 100vw, 1024px\" \/><\/figure>\n\n\n\n<figure class=\"wp-block-image\"><img decoding=\"async\" src=\"https:\/\/nadira.kadusic.pages.hak-schwaz.at\/wp-content\/uploads\/2025\/03\/Screenshot-2025-03-19-011008.png\" alt=\"This image has an empty alt attribute; its file name is Screenshot-2025-03-19-011008.png\"\/><\/figure>\n\n\n\n<hr class=\"wp-block-separator has-alpha-channel-opacity\"\/>\n\n\n\n<p>Ein weiteres wichtiges Thema war das Responsive Design. Dabei haben wir gelernt, wie wir Websites so gestalten, dass sie auf verschiedenen Ger\u00e4ten (Smartphones, Tablets, PCs) gut aussehen. Also haben wir zum ersten Mal auch mit CMS gearbeitet. Wir haben gelernt, wie man mit WordPress Websites erstellt, ohne selbst programmieren zu m\u00fcssen. Dabei konnten wir verschiedene Themes, Plugins oder Medien-Uploads nutzen, um das Design der Seite anzupassen. Diese Erfahrung hat uns gezeigt, wie viele moderne Webseiten heute verwendet werden und wie einfach es ist, Inhalte ohne Programmierkenntnisse zu ver\u00f6ffentlichen. Durch neue Techniken konnten wir unsere F\u00e4higkeiten in der Programmierung auf ein neues Level bringen und professionellere Websites gestalten.<\/p>\n\n\n\n<p><strong>Beispiele: PC und Handy <\/strong><\/p>\n\n\n\n<p><\/p>\n\n\n<div class=\"wp-block-image\">\n<figure class=\"alignleft size-large is-resized\"><img loading=\"lazy\" decoding=\"async\" width=\"1024\" height=\"570\" src=\"https:\/\/Nadira.Kadusic.pages.hak-schwaz.at\/wp-content\/uploads\/2025\/03\/image-6-1024x570.png\" alt=\"\" class=\"wp-image-228\" style=\"width:526px;height:auto\" srcset=\"https:\/\/Nadira.Kadusic.pages.hak-schwaz.at\/wp-content\/uploads\/2025\/03\/image-6-1024x570.png 1024w, https:\/\/Nadira.Kadusic.pages.hak-schwaz.at\/wp-content\/uploads\/2025\/03\/image-6-300x167.png 300w, https:\/\/Nadira.Kadusic.pages.hak-schwaz.at\/wp-content\/uploads\/2025\/03\/image-6-768x428.png 768w, https:\/\/Nadira.Kadusic.pages.hak-schwaz.at\/wp-content\/uploads\/2025\/03\/image-6-421x235.png 421w, https:\/\/Nadira.Kadusic.pages.hak-schwaz.at\/wp-content\/uploads\/2025\/03\/image-6.png 1508w\" sizes=\"auto, (max-width: 1024px) 100vw, 1024px\" \/><\/figure><\/div>\n\n<div class=\"wp-block-image\">\n<figure class=\"alignright size-full is-resized\"><img loading=\"lazy\" decoding=\"async\" width=\"480\" height=\"655\" src=\"https:\/\/Nadira.Kadusic.pages.hak-schwaz.at\/wp-content\/uploads\/2025\/03\/image-3.png\" alt=\"\" class=\"wp-image-225\" style=\"width:394px;height:auto\" srcset=\"https:\/\/Nadira.Kadusic.pages.hak-schwaz.at\/wp-content\/uploads\/2025\/03\/image-3.png 480w, https:\/\/Nadira.Kadusic.pages.hak-schwaz.at\/wp-content\/uploads\/2025\/03\/image-3-220x300.png 220w\" sizes=\"auto, (max-width: 480px) 100vw, 480px\" \/><\/figure><\/div>","protected":false},"excerpt":{"rendered":"<p>Vertiefung der Webentwicklung In der dritten Klasse haben wir unser Wissen in der Webentwicklung weiter vertieft und neue Techniken und Tools kennengelernt. Dabei haben wir gelernt, wie wir &hellip;<\/p>\n","protected":false},"author":1,"featured_media":0,"parent":15,"menu_order":0,"comment_status":"closed","ping_status":"closed","template":"","meta":{"footnotes":""},"class_list":["post-25","page","type-page","status-publish","hentry"],"_links":{"self":[{"href":"https:\/\/Nadira.Kadusic.pages.hak-schwaz.at\/index.php?rest_route=\/wp\/v2\/pages\/25","targetHints":{"allow":["GET"]}}],"collection":[{"href":"https:\/\/Nadira.Kadusic.pages.hak-schwaz.at\/index.php?rest_route=\/wp\/v2\/pages"}],"about":[{"href":"https:\/\/Nadira.Kadusic.pages.hak-schwaz.at\/index.php?rest_route=\/wp\/v2\/types\/page"}],"author":[{"embeddable":true,"href":"https:\/\/Nadira.Kadusic.pages.hak-schwaz.at\/index.php?rest_route=\/wp\/v2\/users\/1"}],"replies":[{"embeddable":true,"href":"https:\/\/Nadira.Kadusic.pages.hak-schwaz.at\/index.php?rest_route=%2Fwp%2Fv2%2Fcomments&post=25"}],"version-history":[{"count":3,"href":"https:\/\/Nadira.Kadusic.pages.hak-schwaz.at\/index.php?rest_route=\/wp\/v2\/pages\/25\/revisions"}],"predecessor-version":[{"id":276,"href":"https:\/\/Nadira.Kadusic.pages.hak-schwaz.at\/index.php?rest_route=\/wp\/v2\/pages\/25\/revisions\/276"}],"up":[{"embeddable":true,"href":"https:\/\/Nadira.Kadusic.pages.hak-schwaz.at\/index.php?rest_route=\/wp\/v2\/pages\/15"}],"wp:attachment":[{"href":"https:\/\/Nadira.Kadusic.pages.hak-schwaz.at\/index.php?rest_route=%2Fwp%2Fv2%2Fmedia&parent=25"}],"curies":[{"name":"wp","href":"https:\/\/api.w.org\/{rel}","templated":true}]}}