{"id":28,"date":"2025-03-13T19:49:43","date_gmt":"2025-03-13T19:49:43","guid":{"rendered":"https:\/\/Nadira.Kadusic.pages.hak-schwaz.at\/?page_id=28"},"modified":"2025-04-16T10:48:32","modified_gmt":"2025-04-16T10:48:32","slug":"1-klasse","status":"publish","type":"page","link":"https:\/\/Nadira.Kadusic.pages.hak-schwaz.at\/?page_id=28","title":{"rendered":"1. Klasse"},"content":{"rendered":"\n<h2 class=\"wp-block-heading has-text-align-center\"><strong><em><mark style=\"background-color:rgba(0, 0, 0, 0)\" class=\"has-inline-color has-accent-2-color\">Adobe Photoshop<\/mark><\/em><\/strong><\/h2>\n\n\n\n<p>Bildbearbeitung<\/p>\n\n\n\n<ul class=\"wp-block-list\">\n<li>Ausw\u00e4hlen, Freistellen, Retuschieren \u2026<\/li>\n<\/ul>\n\n\n\n<h3 class=\"wp-block-heading\"><strong>1. Modul<\/strong><\/h3>\n\n\n\n<p>In der ersten Klasse haben wir uns mit Adobe Photoshop besch\u00e4ftigt. Zuerst haben wir die Grundlagen des Programms kennengelernt, also wie man es benutzt und welche Werkzeuge es gibt. Wir haben gelernt, wie man Elemente im Bild ausw\u00e4hlt, freistellt und retuschiert. Au\u00dferdem haben wir gelernt, wie man Bilder bearbeitet, Farben anpasst und Objekte ver\u00e4ndert. Besonders wichtig waren die Masken, mit denen man Teile eines Bildes unsichtbar machen kann, und die Retusche-Werkzeuge, mit denen man Fehler oder st\u00f6rende Elemente in Bildern entfernt. Au\u00dferdem haben wir einfache Animationen erstellt, um Bilder in Bewegung zu bringen.<\/p>\n\n\n\n<figure class=\"wp-block-gallery has-nested-images columns-default is-cropped wp-block-gallery-1 is-layout-flex wp-block-gallery-is-layout-flex\">\n<figure class=\"wp-block-image size-full\"><img loading=\"lazy\" decoding=\"async\" width=\"1920\" height=\"1080\" data-id=\"306\" src=\"https:\/\/Nadira.Kadusic.pages.hak-schwaz.at\/wp-content\/uploads\/2025\/04\/Kerze-6.gif\" alt=\"\" class=\"wp-image-306\"\/><\/figure>\n\n\n\n<figure class=\"wp-block-image size-full\"><img loading=\"lazy\" decoding=\"async\" width=\"1920\" height=\"1080\" data-id=\"307\" src=\"https:\/\/Nadira.Kadusic.pages.hak-schwaz.at\/wp-content\/uploads\/2025\/04\/Laufen-7.gif\" alt=\"\" class=\"wp-image-307\"\/><\/figure>\n<\/figure>\n\n\n\n<hr class=\"wp-block-separator has-alpha-channel-opacity\"\/>\n\n\n\n<h3 class=\"wp-block-heading\"><strong>2. Modul<\/strong><\/h3>\n\n\n\n<p>Im zweiten Modul ging es darum, Bilder genauer zu bearbeiten. Wir haben gelernt, wie man Objekte ausschneidet und freistellt, also zum Beispiel eine Person aus einem Bild entfernt und in ein anderes Bild einf\u00fcgt. Besonders spannend war die Colorkey-Technik, bei der man bestimmte Teile eines Bildes farbig l\u00e4sst und den Rest in Schwarz-Wei\u00df umwandelt. Au\u00dferdem haben wir ein Klonfoto erstellt, bei dem dieselbe Person mehrmals im gleichen Bild zu sehen ist.<\/p>\n\n\n\n<figure class=\"wp-block-gallery has-nested-images columns-default is-cropped wp-block-gallery-2 is-layout-flex wp-block-gallery-is-layout-flex\">\n<figure class=\"wp-block-image size-large\"><img loading=\"lazy\" decoding=\"async\" width=\"1024\" height=\"558\" data-id=\"58\" src=\"https:\/\/Nadira.Kadusic.pages.hak-schwaz.at\/wp-content\/uploads\/2025\/03\/Auge-1024x558.jpg\" alt=\"\" class=\"wp-image-58\" srcset=\"https:\/\/Nadira.Kadusic.pages.hak-schwaz.at\/wp-content\/uploads\/2025\/03\/Auge-1024x558.jpg 1024w, https:\/\/Nadira.Kadusic.pages.hak-schwaz.at\/wp-content\/uploads\/2025\/03\/Auge-300x163.jpg 300w, https:\/\/Nadira.Kadusic.pages.hak-schwaz.at\/wp-content\/uploads\/2025\/03\/Auge-768x418.jpg 768w, https:\/\/Nadira.Kadusic.pages.hak-schwaz.at\/wp-content\/uploads\/2025\/03\/Auge-1536x837.jpg 1536w, https:\/\/Nadira.Kadusic.pages.hak-schwaz.at\/wp-content\/uploads\/2025\/03\/Auge-421x229.jpg 421w, https:\/\/Nadira.Kadusic.pages.hak-schwaz.at\/wp-content\/uploads\/2025\/03\/Auge.jpg 1929w\" sizes=\"auto, (max-width: 1024px) 100vw, 1024px\" \/><\/figure>\n\n\n\n<figure class=\"wp-block-image size-large\"><img loading=\"lazy\" decoding=\"async\" width=\"1024\" height=\"682\" data-id=\"57\" src=\"https:\/\/Nadira.Kadusic.pages.hak-schwaz.at\/wp-content\/uploads\/2025\/03\/Colorkey_Kadusic-1024x682.jpg\" alt=\"\" class=\"wp-image-57\" srcset=\"https:\/\/Nadira.Kadusic.pages.hak-schwaz.at\/wp-content\/uploads\/2025\/03\/Colorkey_Kadusic-1024x682.jpg 1024w, https:\/\/Nadira.Kadusic.pages.hak-schwaz.at\/wp-content\/uploads\/2025\/03\/Colorkey_Kadusic-300x200.jpg 300w, https:\/\/Nadira.Kadusic.pages.hak-schwaz.at\/wp-content\/uploads\/2025\/03\/Colorkey_Kadusic-768x512.jpg 768w, https:\/\/Nadira.Kadusic.pages.hak-schwaz.at\/wp-content\/uploads\/2025\/03\/Colorkey_Kadusic-1536x1023.jpg 1536w, https:\/\/Nadira.Kadusic.pages.hak-schwaz.at\/wp-content\/uploads\/2025\/03\/Colorkey_Kadusic-421x280.jpg 421w, https:\/\/Nadira.Kadusic.pages.hak-schwaz.at\/wp-content\/uploads\/2025\/03\/Colorkey_Kadusic.jpg 1920w\" sizes=\"auto, (max-width: 1024px) 100vw, 1024px\" \/><\/figure>\n\n\n\n<figure class=\"wp-block-image size-large\"><img loading=\"lazy\" decoding=\"async\" width=\"1024\" height=\"683\" data-id=\"60\" src=\"https:\/\/Nadira.Kadusic.pages.hak-schwaz.at\/wp-content\/uploads\/2025\/03\/Colorkey_Kadusic2-1024x683.jpg\" alt=\"\" class=\"wp-image-60\" srcset=\"https:\/\/Nadira.Kadusic.pages.hak-schwaz.at\/wp-content\/uploads\/2025\/03\/Colorkey_Kadusic2-1024x683.jpg 1024w, https:\/\/Nadira.Kadusic.pages.hak-schwaz.at\/wp-content\/uploads\/2025\/03\/Colorkey_Kadusic2-300x200.jpg 300w, https:\/\/Nadira.Kadusic.pages.hak-schwaz.at\/wp-content\/uploads\/2025\/03\/Colorkey_Kadusic2-768x512.jpg 768w, https:\/\/Nadira.Kadusic.pages.hak-schwaz.at\/wp-content\/uploads\/2025\/03\/Colorkey_Kadusic2-1536x1024.jpg 1536w, https:\/\/Nadira.Kadusic.pages.hak-schwaz.at\/wp-content\/uploads\/2025\/03\/Colorkey_Kadusic2-421x281.jpg 421w, https:\/\/Nadira.Kadusic.pages.hak-schwaz.at\/wp-content\/uploads\/2025\/03\/Colorkey_Kadusic2.jpg 1920w\" sizes=\"auto, (max-width: 1024px) 100vw, 1024px\" \/><\/figure>\n<\/figure>\n\n\n\n<p><\/p>\n\n\n\n<figure class=\"wp-block-gallery has-nested-images columns-default is-cropped wp-block-gallery-3 is-layout-flex wp-block-gallery-is-layout-flex\">\n<figure class=\"wp-block-image size-large\"><img loading=\"lazy\" decoding=\"async\" width=\"1024\" height=\"683\" data-id=\"309\" src=\"https:\/\/Nadira.Kadusic.pages.hak-schwaz.at\/wp-content\/uploads\/2025\/04\/Bild3_Kadusic-1-1024x683.jpg\" alt=\"\" class=\"wp-image-309\" srcset=\"https:\/\/Nadira.Kadusic.pages.hak-schwaz.at\/wp-content\/uploads\/2025\/04\/Bild3_Kadusic-1-1024x683.jpg 1024w, https:\/\/Nadira.Kadusic.pages.hak-schwaz.at\/wp-content\/uploads\/2025\/04\/Bild3_Kadusic-1-300x200.jpg 300w, https:\/\/Nadira.Kadusic.pages.hak-schwaz.at\/wp-content\/uploads\/2025\/04\/Bild3_Kadusic-1-768x512.jpg 768w, https:\/\/Nadira.Kadusic.pages.hak-schwaz.at\/wp-content\/uploads\/2025\/04\/Bild3_Kadusic-1-1536x1024.jpg 1536w, https:\/\/Nadira.Kadusic.pages.hak-schwaz.at\/wp-content\/uploads\/2025\/04\/Bild3_Kadusic-1-450x300.jpg 450w, https:\/\/Nadira.Kadusic.pages.hak-schwaz.at\/wp-content\/uploads\/2025\/04\/Bild3_Kadusic-1.jpg 1920w\" sizes=\"auto, (max-width: 1024px) 100vw, 1024px\" \/><\/figure>\n\n\n\n<figure class=\"wp-block-image size-large\"><img loading=\"lazy\" decoding=\"async\" width=\"950\" height=\"786\" data-id=\"310\" src=\"https:\/\/Nadira.Kadusic.pages.hak-schwaz.at\/wp-content\/uploads\/2025\/04\/Klonfoto.png\" alt=\"\" class=\"wp-image-310\" srcset=\"https:\/\/Nadira.Kadusic.pages.hak-schwaz.at\/wp-content\/uploads\/2025\/04\/Klonfoto.png 950w, https:\/\/Nadira.Kadusic.pages.hak-schwaz.at\/wp-content\/uploads\/2025\/04\/Klonfoto-300x248.png 300w, https:\/\/Nadira.Kadusic.pages.hak-schwaz.at\/wp-content\/uploads\/2025\/04\/Klonfoto-768x635.png 768w, https:\/\/Nadira.Kadusic.pages.hak-schwaz.at\/wp-content\/uploads\/2025\/04\/Klonfoto-363x300.png 363w, https:\/\/Nadira.Kadusic.pages.hak-schwaz.at\/wp-content\/uploads\/2025\/04\/Klonfoto-302x250.png 302w\" sizes=\"auto, (max-width: 950px) 100vw, 950px\" \/><\/figure>\n<\/figure>\n","protected":false},"excerpt":{"rendered":"<p>Adobe Photoshop Bildbearbeitung 1. Modul In der ersten Klasse haben wir uns mit Adobe Photoshop besch\u00e4ftigt. Zuerst haben wir die Grundlagen des Programms kennengelernt, also wie man es &hellip;<\/p>\n","protected":false},"author":1,"featured_media":0,"parent":17,"menu_order":0,"comment_status":"closed","ping_status":"closed","template":"","meta":{"footnotes":""},"class_list":["post-28","page","type-page","status-publish","hentry"],"_links":{"self":[{"href":"https:\/\/Nadira.Kadusic.pages.hak-schwaz.at\/index.php?rest_route=\/wp\/v2\/pages\/28","targetHints":{"allow":["GET"]}}],"collection":[{"href":"https:\/\/Nadira.Kadusic.pages.hak-schwaz.at\/index.php?rest_route=\/wp\/v2\/pages"}],"about":[{"href":"https:\/\/Nadira.Kadusic.pages.hak-schwaz.at\/index.php?rest_route=\/wp\/v2\/types\/page"}],"author":[{"embeddable":true,"href":"https:\/\/Nadira.Kadusic.pages.hak-schwaz.at\/index.php?rest_route=\/wp\/v2\/users\/1"}],"replies":[{"embeddable":true,"href":"https:\/\/Nadira.Kadusic.pages.hak-schwaz.at\/index.php?rest_route=%2Fwp%2Fv2%2Fcomments&post=28"}],"version-history":[{"count":15,"href":"https:\/\/Nadira.Kadusic.pages.hak-schwaz.at\/index.php?rest_route=\/wp\/v2\/pages\/28\/revisions"}],"predecessor-version":[{"id":360,"href":"https:\/\/Nadira.Kadusic.pages.hak-schwaz.at\/index.php?rest_route=\/wp\/v2\/pages\/28\/revisions\/360"}],"up":[{"embeddable":true,"href":"https:\/\/Nadira.Kadusic.pages.hak-schwaz.at\/index.php?rest_route=\/wp\/v2\/pages\/17"}],"wp:attachment":[{"href":"https:\/\/Nadira.Kadusic.pages.hak-schwaz.at\/index.php?rest_route=%2Fwp%2Fv2%2Fmedia&parent=28"}],"curies":[{"name":"wp","href":"https:\/\/api.w.org\/{rel}","templated":true}]}}