{"id":36,"date":"2025-03-13T19:51:00","date_gmt":"2025-03-13T19:51:00","guid":{"rendered":"https:\/\/Nadira.Kadusic.pages.hak-schwaz.at\/?page_id=36"},"modified":"2025-04-16T11:07:11","modified_gmt":"2025-04-16T11:07:11","slug":"4-klasse","status":"publish","type":"page","link":"https:\/\/Nadira.Kadusic.pages.hak-schwaz.at\/?page_id=36","title":{"rendered":"4. Klasse"},"content":{"rendered":"\n<p>In der 4. Klasse haben wir ein neues Fach KOEA kennengelernt. Ein besonderer Schwerpunkt lag dabei auf PR (Public Relations), wo wir gelernt haben, wie wichtig die Zielgruppenanalyse und die Entwicklung von Personas sind, um zielgerichtet zu kommunizieren. Im Rahmen des Benchmarkings haben wir untersucht, wie andere Unternehmen ihre PR gestalten.<\/p>\n\n\n\n<p>Dar\u00fcber hinaus haben wir Storytelling-Methoden angewendet, die in der Kommunikation eine gro\u00dfe Rolle spielt. Auch mit dem Thema Rundfunksysteme und der duale Rundfunk, der die \u00f6ffentlich-rechtlichen und privaten Rundfunkanbieter umfasst, haben wir uns besch\u00e4ftigt.<\/p>\n\n\n\n<h3 class=\"wp-block-heading\"><strong>Personas:<\/strong><\/h3>\n\n\n\n<p>Wir haben Personas erstellt, um unser Projekt besser an die W\u00fcnsche unserer Zielgruppe anzupassen. Diese helfen uns, die Bed\u00fcrfnisse der Zielgruppe \u2013 Sch\u00fcler, die TikToks m\u00f6gen \u2013 im Blick zu behalten.<\/p>\n\n\n\n<p>Wir haben Infos zur Zielgruppe gesammelt, z. B. Alter und Interessen, und daraus fiktive Charaktere entwickelt. Um die Personas realistischer wirken zu lassen, haben wir KI-generierte Fotos genutzt. So konnten wir uns besser vorstellen, f\u00fcr wen wir das Projekt gestalten.<\/p>\n\n\n\n<div data-wp-interactive=\"core\/file\" class=\"wp-block-file\"><object data-wp-bind--hidden=\"!state.hasPdfPreview\" hidden class=\"wp-block-file__embed\" data=\"https:\/\/Nadira.Kadusic.pages.hak-schwaz.at\/wp-content\/uploads\/2025\/04\/Personas.pdf\" type=\"application\/pdf\" style=\"width:100%;height:600px\" aria-label=\"Embed of Personas.\"><\/object><a id=\"wp-block-file--media-2c4de216-b469-4397-b1a5-56dfdcf7cde0\" href=\"https:\/\/Nadira.Kadusic.pages.hak-schwaz.at\/wp-content\/uploads\/2025\/04\/Personas.pdf\">Personas<\/a><a href=\"https:\/\/Nadira.Kadusic.pages.hak-schwaz.at\/wp-content\/uploads\/2025\/04\/Personas.pdf\" class=\"wp-block-file__button wp-element-button\" download aria-describedby=\"wp-block-file--media-2c4de216-b469-4397-b1a5-56dfdcf7cde0\">Download<\/a><\/div>\n\n\n\n<hr class=\"wp-block-separator has-alpha-channel-opacity\"\/>\n\n\n\n<h3 class=\"wp-block-heading\"><strong>Projekt- Beitrag:<\/strong><\/h3>\n\n\n\n<p>Danach haben wir TikToks gedreht, bei denen wir gelernt haben, wie man kurze, kreative Inhalte f\u00fcr Social Media produziert. Dabei ging es nicht nur ums Filmen, sondern auch ums Planen und Schneiden. Wir haben drei Bilder erstellt, die verschiedene Lernstile zeigen:<\/p>\n\n\n\n<ul class=\"wp-block-list\">\n<li>Einen Sch\u00fcler, der 10 Stunden gelernt hat<\/li>\n\n\n\n<li>Eine Sch\u00fclerin, die sich eine Woche Zeit genommen hat<\/li>\n\n\n\n<li>Eine Gruppe, die sich im hinteren Teil der Klasse ablenkt<\/li>\n<\/ul>\n\n\n\n<p>Ebenfalls haben wir Fotos, TikTok-Sounds und unsere eigenen Memes verwendet. Das Projekt hat gezeigt, dass es viele Wege gibt, sich auf Pr\u00fcfungen vorzubereiten. Jeder muss herausfinden, was am besten passt, ohne dass es stressig wird. Es war eine spannende Erfahrung, eigene Ideen realisieren und \u00f6ffentlich pr\u00e4sentieren zu k\u00f6nnen.<\/p>\n\n\n\n<p>Die&nbsp;<strong>Bilder,<\/strong> die wir verwendet haben:&nbsp;<\/p>\n\n\n\n<figure class=\"wp-block-image size-full\"><img loading=\"lazy\" decoding=\"async\" width=\"365\" height=\"470\" src=\"https:\/\/Nadira.Kadusic.pages.hak-schwaz.at\/wp-content\/uploads\/2025\/04\/image-1.png\" alt=\"\" class=\"wp-image-348\" srcset=\"https:\/\/Nadira.Kadusic.pages.hak-schwaz.at\/wp-content\/uploads\/2025\/04\/image-1.png 365w, https:\/\/Nadira.Kadusic.pages.hak-schwaz.at\/wp-content\/uploads\/2025\/04\/image-1-233x300.png 233w\" sizes=\"auto, (max-width: 365px) 100vw, 365px\" \/><\/figure>\n\n\n\n<figure class=\"wp-block-image size-full\"><img loading=\"lazy\" decoding=\"async\" width=\"360\" height=\"471\" src=\"https:\/\/Nadira.Kadusic.pages.hak-schwaz.at\/wp-content\/uploads\/2025\/04\/image-2.png\" alt=\"\" class=\"wp-image-350\" srcset=\"https:\/\/Nadira.Kadusic.pages.hak-schwaz.at\/wp-content\/uploads\/2025\/04\/image-2.png 360w, https:\/\/Nadira.Kadusic.pages.hak-schwaz.at\/wp-content\/uploads\/2025\/04\/image-2-229x300.png 229w\" sizes=\"auto, (max-width: 360px) 100vw, 360px\" \/><\/figure>\n\n\n\n<figure class=\"wp-block-image size-full\"><img loading=\"lazy\" decoding=\"async\" width=\"520\" height=\"392\" src=\"https:\/\/Nadira.Kadusic.pages.hak-schwaz.at\/wp-content\/uploads\/2025\/04\/image-3.png\" alt=\"\" class=\"wp-image-351\" srcset=\"https:\/\/Nadira.Kadusic.pages.hak-schwaz.at\/wp-content\/uploads\/2025\/04\/image-3.png 520w, https:\/\/Nadira.Kadusic.pages.hak-schwaz.at\/wp-content\/uploads\/2025\/04\/image-3-300x226.png 300w, https:\/\/Nadira.Kadusic.pages.hak-schwaz.at\/wp-content\/uploads\/2025\/04\/image-3-398x300.png 398w\" sizes=\"auto, (max-width: 520px) 100vw, 520px\" \/><\/figure>\n","protected":false},"excerpt":{"rendered":"<p>In der 4. Klasse haben wir ein neues Fach KOEA kennengelernt. Ein besonderer Schwerpunkt lag dabei auf PR (Public Relations), wo wir gelernt haben, wie wichtig die Zielgruppenanalyse &hellip;<\/p>\n","protected":false},"author":1,"featured_media":0,"parent":21,"menu_order":0,"comment_status":"closed","ping_status":"closed","template":"","meta":{"footnotes":""},"class_list":["post-36","page","type-page","status-publish","hentry"],"_links":{"self":[{"href":"https:\/\/Nadira.Kadusic.pages.hak-schwaz.at\/index.php?rest_route=\/wp\/v2\/pages\/36","targetHints":{"allow":["GET"]}}],"collection":[{"href":"https:\/\/Nadira.Kadusic.pages.hak-schwaz.at\/index.php?rest_route=\/wp\/v2\/pages"}],"about":[{"href":"https:\/\/Nadira.Kadusic.pages.hak-schwaz.at\/index.php?rest_route=\/wp\/v2\/types\/page"}],"author":[{"embeddable":true,"href":"https:\/\/Nadira.Kadusic.pages.hak-schwaz.at\/index.php?rest_route=\/wp\/v2\/users\/1"}],"replies":[{"embeddable":true,"href":"https:\/\/Nadira.Kadusic.pages.hak-schwaz.at\/index.php?rest_route=%2Fwp%2Fv2%2Fcomments&post=36"}],"version-history":[{"count":4,"href":"https:\/\/Nadira.Kadusic.pages.hak-schwaz.at\/index.php?rest_route=\/wp\/v2\/pages\/36\/revisions"}],"predecessor-version":[{"id":377,"href":"https:\/\/Nadira.Kadusic.pages.hak-schwaz.at\/index.php?rest_route=\/wp\/v2\/pages\/36\/revisions\/377"}],"up":[{"embeddable":true,"href":"https:\/\/Nadira.Kadusic.pages.hak-schwaz.at\/index.php?rest_route=\/wp\/v2\/pages\/21"}],"wp:attachment":[{"href":"https:\/\/Nadira.Kadusic.pages.hak-schwaz.at\/index.php?rest_route=%2Fwp%2Fv2%2Fmedia&parent=36"}],"curies":[{"name":"wp","href":"https:\/\/api.w.org\/{rel}","templated":true}]}}