{"id":40,"date":"2025-03-13T19:51:24","date_gmt":"2025-03-13T19:51:24","guid":{"rendered":"https:\/\/Nadira.Kadusic.pages.hak-schwaz.at\/?page_id=40"},"modified":"2025-04-16T13:40:37","modified_gmt":"2025-04-16T13:40:37","slug":"4-klasse-2","status":"publish","type":"page","link":"https:\/\/Nadira.Kadusic.pages.hak-schwaz.at\/?page_id=40","title":{"rendered":"4. Klasse"},"content":{"rendered":"\n<h2 class=\"wp-block-heading has-text-align-center\"><em><mark style=\"background-color:rgba(0, 0, 0, 0)\" class=\"has-inline-color has-accent-2-color\">K\u00fcnstliche Intelligenz und Webprogrammierung<\/mark><\/em><\/h2>\n\n\n\n<h3 class=\"wp-block-heading\"><strong>5. Modul<\/strong><\/h3>\n\n\n\n<p>Am Anfang der vierten Klasse haben wir uns mit k\u00fcnstlicher Intelligenz besch\u00e4ftigt. Unser Ziel war es, besser zu verstehen, wie KI funktioniert und welche Rolle sie in der IT-Welt spielt. Wir haben Pr\u00e4sentationen und Videos zu KI-Technologien erstellt und dabei untersucht, wie sie eigentlich eingesetzt werden. Au\u00dferdem haben wir verschiedene Abfragen durchgef\u00fchrt, um sicherzustellen, was die KI alles kann und was nicht, und wir haben untersucht, wie sie in unterschiedlichen Bereichen wie Automatisierung, Bilderkennung und Spracherkennung eingesetzt wird. Besonders spannend war unser PowerPoint-Video zur KI, in dem wir unser erlerntes Wissen zusammengefasst und dargestellt haben, wie k\u00fcnstliche Intelligenz heute schon unseren Alltag beeinflusst.<\/p>\n\n\n\n<p><strong>PowerPoint:<\/strong> <\/p>\n\n\n\n<div data-wp-interactive=\"core\/file\" class=\"wp-block-file\"><object data-wp-bind--hidden=\"!state.hasPdfPreview\" hidden class=\"wp-block-file__embed\" data=\"https:\/\/Nadira.Kadusic.pages.hak-schwaz.at\/wp-content\/uploads\/2025\/04\/Video-KI.pdf\" type=\"application\/pdf\" style=\"width:100%;height:570px\" aria-label=\"Embed of Video KI.\"><\/object><a id=\"wp-block-file--media-4173bd0d-b304-4915-b8ca-0f3305bcdb40\" href=\"https:\/\/Nadira.Kadusic.pages.hak-schwaz.at\/wp-content\/uploads\/2025\/04\/Video-KI.pdf\">Video KI<\/a><a href=\"https:\/\/Nadira.Kadusic.pages.hak-schwaz.at\/wp-content\/uploads\/2025\/04\/Video-KI.pdf\" class=\"wp-block-file__button wp-element-button\" download aria-describedby=\"wp-block-file--media-4173bd0d-b304-4915-b8ca-0f3305bcdb40\">Download<\/a><\/div>\n\n\n\n<hr class=\"wp-block-separator has-alpha-channel-opacity\"\/>\n\n\n\n<h3 class=\"wp-block-heading\"><strong>6. Modul<\/strong><\/h3>\n\n\n\n<p>Im letzten Modul haben wir uns intensiv mit Datensicherheit und Datenschutz besch\u00e4ftigt. Wir haben gelernt, wie Daten vor Verlust und unberechtigtem Zugriff gesch\u00fctzt werden k\u00f6nnen und haben uns intensiv mit der DSGVO besch\u00e4ftigt. Dabei haben wir gelernt, was der Unterschied zwischen personenbezogenen (z. B. Name, Adresse, Telefonnummer) und sensiblen Daten (z. B. Gesundheitsdaten oder Finanzdaten) ist und welche Risiken es gibt, wenn die Daten verloren gehen oder von Dritten genutzt werden. <\/p>\n\n\n\n<p>Dazu haben wir gelernt, wie die Daten am besten gespeichert werden und welche Ma\u00dfnahmen Unternehmen ergreifen m\u00fcssen, um ihre Daten richtig zu sch\u00fctzen. Wir haben uns auch angeschaut, wie Datenverschl\u00fcsselung funktioniert und warum sie wichtig ist, um Daten vor unbefugtem Zugriff zu sichern.<\/p>\n\n\n\n<p>Praktisch haben wir an der Konfiguration und Absicherung von Servern ge\u00fcbt. Ebenfalls haben wir uns mit Dateifreigabe besch\u00e4ftigt und wie man Drucker sowie andere Netzwerkger\u00e4te hinzuf\u00fcgt. Ein weiterer Schwerpunkt liegt auf DNS (Domain Name Server) und dem Hinzuf\u00fcgen von zus\u00e4tzlichen Features, um die Netzwerksicherheit zu verbessern. Diese Themen haben uns das Wissen und die F\u00e4higkeiten gegeben, um im Netzwerk die Datensicherheit aktiv umzusetzen.<\/p>\n\n\n\n<div data-wp-interactive=\"core\/file\" class=\"wp-block-file alignwide\"><object data-wp-bind--hidden=\"!state.hasPdfPreview\" hidden class=\"wp-block-file__embed\" data=\"https:\/\/Nadira.Kadusic.pages.hak-schwaz.at\/wp-content\/uploads\/2025\/04\/Dateifreigabe-1.pdf\" type=\"application\/pdf\" style=\"width:100%;height:480px\" aria-label=\"Embed of Dateifreigabe.\"><\/object><a id=\"wp-block-file--media-e919384c-c13a-4062-8f13-23d1dc92f2de\" href=\"https:\/\/Nadira.Kadusic.pages.hak-schwaz.at\/wp-content\/uploads\/2025\/04\/Dateifreigabe-1.pdf\">Dateifreigabe<\/a><a href=\"https:\/\/Nadira.Kadusic.pages.hak-schwaz.at\/wp-content\/uploads\/2025\/04\/Dateifreigabe-1.pdf\" class=\"wp-block-file__button wp-element-button\" download aria-describedby=\"wp-block-file--media-e919384c-c13a-4062-8f13-23d1dc92f2de\">Download<\/a><\/div>\n\n\n\n<hr class=\"wp-block-separator has-alpha-channel-opacity\"\/>\n\n\n\n<p>y<\/p>\n\n\n\n<p>y<\/p>\n\n\n\n<p>y<\/p>\n\n\n\n<p>y<\/p>\n\n\n\n<p>y<\/p>\n\n\n\n<p>y<\/p>\n\n\n\n<p>y<\/p>\n\n\n\n<p>y<\/p>\n\n\n\n<p>y<\/p>\n\n\n\n<p><\/p>\n\n\n\n<hr class=\"wp-block-separator has-alpha-channel-opacity\"\/>\n\n\n\n<p><strong>DNS:<\/strong><\/p>\n\n\n\n<figure class=\"wp-block-image size-full is-resized\"><img loading=\"lazy\" decoding=\"async\" width=\"927\" height=\"747\" src=\"https:\/\/Nadira.Kadusic.pages.hak-schwaz.at\/wp-content\/uploads\/2025\/04\/image-11.png\" alt=\"\" class=\"wp-image-420\" style=\"width:494px;height:auto\" srcset=\"https:\/\/Nadira.Kadusic.pages.hak-schwaz.at\/wp-content\/uploads\/2025\/04\/image-11.png 927w, https:\/\/Nadira.Kadusic.pages.hak-schwaz.at\/wp-content\/uploads\/2025\/04\/image-11-300x242.png 300w, https:\/\/Nadira.Kadusic.pages.hak-schwaz.at\/wp-content\/uploads\/2025\/04\/image-11-768x619.png 768w, https:\/\/Nadira.Kadusic.pages.hak-schwaz.at\/wp-content\/uploads\/2025\/04\/image-11-372x300.png 372w\" sizes=\"auto, (max-width: 927px) 100vw, 927px\" \/><\/figure>\n\n\n\n<hr class=\"wp-block-separator has-alpha-channel-opacity\"\/>\n\n\n\n<p><\/p>\n","protected":false},"excerpt":{"rendered":"<p>K\u00fcnstliche Intelligenz und Webprogrammierung 5. Modul Am Anfang der vierten Klasse haben wir uns mit k\u00fcnstlicher Intelligenz besch\u00e4ftigt. Unser Ziel war es, besser zu verstehen, wie KI funktioniert &hellip;<\/p>\n","protected":false},"author":1,"featured_media":0,"parent":48,"menu_order":0,"comment_status":"closed","ping_status":"closed","template":"","meta":{"footnotes":""},"class_list":["post-40","page","type-page","status-publish","hentry"],"_links":{"self":[{"href":"https:\/\/Nadira.Kadusic.pages.hak-schwaz.at\/index.php?rest_route=\/wp\/v2\/pages\/40","targetHints":{"allow":["GET"]}}],"collection":[{"href":"https:\/\/Nadira.Kadusic.pages.hak-schwaz.at\/index.php?rest_route=\/wp\/v2\/pages"}],"about":[{"href":"https:\/\/Nadira.Kadusic.pages.hak-schwaz.at\/index.php?rest_route=\/wp\/v2\/types\/page"}],"author":[{"embeddable":true,"href":"https:\/\/Nadira.Kadusic.pages.hak-schwaz.at\/index.php?rest_route=\/wp\/v2\/users\/1"}],"replies":[{"embeddable":true,"href":"https:\/\/Nadira.Kadusic.pages.hak-schwaz.at\/index.php?rest_route=%2Fwp%2Fv2%2Fcomments&post=40"}],"version-history":[{"count":31,"href":"https:\/\/Nadira.Kadusic.pages.hak-schwaz.at\/index.php?rest_route=\/wp\/v2\/pages\/40\/revisions"}],"predecessor-version":[{"id":423,"href":"https:\/\/Nadira.Kadusic.pages.hak-schwaz.at\/index.php?rest_route=\/wp\/v2\/pages\/40\/revisions\/423"}],"up":[{"embeddable":true,"href":"https:\/\/Nadira.Kadusic.pages.hak-schwaz.at\/index.php?rest_route=\/wp\/v2\/pages\/48"}],"wp:attachment":[{"href":"https:\/\/Nadira.Kadusic.pages.hak-schwaz.at\/index.php?rest_route=%2Fwp%2Fv2%2Fmedia&parent=40"}],"curies":[{"name":"wp","href":"https:\/\/api.w.org\/{rel}","templated":true}]}}