{"id":42,"date":"2025-03-13T19:51:35","date_gmt":"2025-03-13T19:51:35","guid":{"rendered":"https:\/\/Nadira.Kadusic.pages.hak-schwaz.at\/?page_id=42"},"modified":"2025-04-16T11:29:06","modified_gmt":"2025-04-16T11:29:06","slug":"5-klasse","status":"publish","type":"page","link":"https:\/\/Nadira.Kadusic.pages.hak-schwaz.at\/?page_id=42","title":{"rendered":"5. Klasse"},"content":{"rendered":"\n<p>Im 5. Jahr haben wir uns mit den internen Kommunikationswegen in Unternehmen besch\u00e4ftigt. Dabei ging es darum, wie Informationen innerhalb eines Betriebs ausgetauscht werden \u2013 zum Beispiel zwischen F\u00fchrungskr\u00e4ften und Mitarbeitern.  Wir haben gelernt, warum klare und transparente Kommunikation f\u00fcr ein gutes Betriebsklima wichtig ist.<\/p>\n\n\n\n<p>Ein gro\u00dfes Thema war auch das Employer Branding. Hier geht es darum, wie sich Unternehmen als attraktive Arbeitgeber pr\u00e4sentieren k\u00f6nnen, um neue Talente zu gewinnen und bestehende Mitarbeitende zu halten. Au\u00dferdem haben wir uns mit Krisenkommunikation besch\u00e4ftigt. Das bedeutet: Was tun, wenn pl\u00f6tzlich ein Problem auftritt \u2013 zum Beispiel ein Datenleck, ein Shitstorm oder ein Fehler in der Produktion? Wir haben gelernt, wie man in solchen Situationen ruhig, ehrlich und schnell reagieren muss, um das Vertrauen der \u00d6ffentlichkeit zu behalten.<\/p>\n\n\n\n<p><strong>Beispiel Krisenkommunikation:<\/strong><\/p>\n\n\n\n<p><strong>Fall:<\/strong><\/p>\n\n\n\n<figure class=\"wp-block-image size-full is-resized\"><img loading=\"lazy\" decoding=\"async\" width=\"707\" height=\"322\" src=\"https:\/\/Nadira.Kadusic.pages.hak-schwaz.at\/wp-content\/uploads\/2025\/04\/image-4.png\" alt=\"\" class=\"wp-image-379\" style=\"width:479px;height:auto\" srcset=\"https:\/\/Nadira.Kadusic.pages.hak-schwaz.at\/wp-content\/uploads\/2025\/04\/image-4.png 707w, https:\/\/Nadira.Kadusic.pages.hak-schwaz.at\/wp-content\/uploads\/2025\/04\/image-4-300x137.png 300w, https:\/\/Nadira.Kadusic.pages.hak-schwaz.at\/wp-content\/uploads\/2025\/04\/image-4-569x259.png 569w\" sizes=\"auto, (max-width: 707px) 100vw, 707px\" \/><\/figure>\n\n\n\n<div data-wp-interactive=\"core\/file\" class=\"wp-block-file\"><object data-wp-bind--hidden=\"!state.hasPdfPreview\" hidden class=\"wp-block-file__embed\" data=\"https:\/\/Nadira.Kadusic.pages.hak-schwaz.at\/wp-content\/uploads\/2025\/04\/Krisenmanagement-FB2_-Nadira-1.pdf\" type=\"application\/pdf\" style=\"width:100%;height:580px\" aria-label=\"Embed of Krisenmanagement FB2_ Nadira (1).\"><\/object><a id=\"wp-block-file--media-2937294f-3db3-4e60-aa03-723cb1788968\" href=\"https:\/\/Nadira.Kadusic.pages.hak-schwaz.at\/wp-content\/uploads\/2025\/04\/Krisenmanagement-FB2_-Nadira-1.pdf\">Krisenmanagement FB2_ Nadira (1)<\/a><a href=\"https:\/\/Nadira.Kadusic.pages.hak-schwaz.at\/wp-content\/uploads\/2025\/04\/Krisenmanagement-FB2_-Nadira-1.pdf\" class=\"wp-block-file__button wp-element-button\" download aria-describedby=\"wp-block-file--media-2937294f-3db3-4e60-aa03-723cb1788968\">Download<\/a><\/div>\n\n\n\n<p>Ein weiterer Schwerpunkt war Corporate Social Responsibility (CSR) \u2013 das bedeutet, dass Unternehmen nicht nur an Gewinn denken, sondern auch soziale und \u00f6kologische Verantwortung \u00fcbernehmen, z.\u202fB. durch Umweltprojekte, faire Arbeitsbedingungen oder soziales Engagement. <\/p>\n\n\n\n<figure class=\"wp-block-image size-full is-resized\"><img loading=\"lazy\" decoding=\"async\" width=\"850\" height=\"836\" src=\"https:\/\/Nadira.Kadusic.pages.hak-schwaz.at\/wp-content\/uploads\/2025\/04\/image-5.png\" alt=\"\" class=\"wp-image-381\" style=\"width:352px;height:auto\" srcset=\"https:\/\/Nadira.Kadusic.pages.hak-schwaz.at\/wp-content\/uploads\/2025\/04\/image-5.png 850w, https:\/\/Nadira.Kadusic.pages.hak-schwaz.at\/wp-content\/uploads\/2025\/04\/image-5-300x295.png 300w, https:\/\/Nadira.Kadusic.pages.hak-schwaz.at\/wp-content\/uploads\/2025\/04\/image-5-768x755.png 768w, https:\/\/Nadira.Kadusic.pages.hak-schwaz.at\/wp-content\/uploads\/2025\/04\/image-5-305x300.png 305w\" sizes=\"auto, (max-width: 850px) 100vw, 850px\" \/><\/figure>\n\n\n\n<p><\/p>\n\n\n\n<p><\/p>\n","protected":false},"excerpt":{"rendered":"<p>Im 5. Jahr haben wir uns mit den internen Kommunikationswegen in Unternehmen besch\u00e4ftigt. Dabei ging es darum, wie Informationen innerhalb eines Betriebs ausgetauscht werden \u2013 zum Beispiel zwischen &hellip;<\/p>\n","protected":false},"author":1,"featured_media":0,"parent":21,"menu_order":0,"comment_status":"closed","ping_status":"closed","template":"","meta":{"footnotes":""},"class_list":["post-42","page","type-page","status-publish","hentry"],"_links":{"self":[{"href":"https:\/\/Nadira.Kadusic.pages.hak-schwaz.at\/index.php?rest_route=\/wp\/v2\/pages\/42","targetHints":{"allow":["GET"]}}],"collection":[{"href":"https:\/\/Nadira.Kadusic.pages.hak-schwaz.at\/index.php?rest_route=\/wp\/v2\/pages"}],"about":[{"href":"https:\/\/Nadira.Kadusic.pages.hak-schwaz.at\/index.php?rest_route=\/wp\/v2\/types\/page"}],"author":[{"embeddable":true,"href":"https:\/\/Nadira.Kadusic.pages.hak-schwaz.at\/index.php?rest_route=\/wp\/v2\/users\/1"}],"replies":[{"embeddable":true,"href":"https:\/\/Nadira.Kadusic.pages.hak-schwaz.at\/index.php?rest_route=%2Fwp%2Fv2%2Fcomments&post=42"}],"version-history":[{"count":3,"href":"https:\/\/Nadira.Kadusic.pages.hak-schwaz.at\/index.php?rest_route=\/wp\/v2\/pages\/42\/revisions"}],"predecessor-version":[{"id":382,"href":"https:\/\/Nadira.Kadusic.pages.hak-schwaz.at\/index.php?rest_route=\/wp\/v2\/pages\/42\/revisions\/382"}],"up":[{"embeddable":true,"href":"https:\/\/Nadira.Kadusic.pages.hak-schwaz.at\/index.php?rest_route=\/wp\/v2\/pages\/21"}],"wp:attachment":[{"href":"https:\/\/Nadira.Kadusic.pages.hak-schwaz.at\/index.php?rest_route=%2Fwp%2Fv2%2Fmedia&parent=42"}],"curies":[{"name":"wp","href":"https:\/\/api.w.org\/{rel}","templated":true}]}}